{"id":9603,"date":"2018-10-22T13:48:59","date_gmt":"2018-10-22T10:48:59","guid":{"rendered":"https:\/\/karmakodlama.com.tr\/contact\/"},"modified":"2025-04-01T09:37:00","modified_gmt":"2025-04-01T06:37:00","slug":"contact","status":"publish","type":"page","link":"https:\/\/karmakodlama.com.tr\/en\/contact\/","title":{"rendered":"Contact"},"content":{"rendered":"<div class=\"wpb-content-wrapper\"><p>[vc_row full_width=&#8221;stretch_row&#8221; css=&#8221;.vc_custom_1585152270252{background-color: #f5f5f5 !important;}&#8221;][vc_column offset=&#8221;vc_hidden-sm vc_hidden-xs&#8221;][vc_empty_space height=&#8221;100px&#8221;][\/vc_column][vc_column css=&#8221;.vc_custom_1515764206388{padding-right: 0px !important;padding-left: 0px !important;}&#8221;][vc_row_inner css=&#8221;.vc_custom_1742317489922{padding-top: 100px !important;padding-bottom: 100px !important;}&#8221;][vc_column_inner width=&#8221;1\/2&#8243; css=&#8221;.vc_custom_1742363401064{padding-top: 20px !important;padding-right: 80px !important;padding-left: 60px !important;}&#8221; offset=&#8221;vc_col-lg-6 vc_col-md-12&#8243;][vc_custom_heading text=&#8221;Central Istanbul&#8221; font_container=&#8221;tag:h4|text_align:left&#8221; use_theme_fonts=&#8221;yes&#8221; css_animation=&#8221;fadeIn&#8221; css=&#8221;&#8221;][vc_custom_heading text=&#8221;Yukari Dudullu Mh. Necip Faz\u0131l Bulvar\u0131 Keyap \u00c7ar\u015f\u0131s\u0131 J2 Blok No: 44\/156A \u00dcmraniye&#8221; font_container=&#8221;tag:h6|text_align:left&#8221; use_theme_fonts=&#8221;yes&#8221; css_animation=&#8221;none&#8221; css=&#8221;&#8221;][vc_custom_heading text=&#8221;Telephone: (216) 368 50 10&#8243; font_container=&#8221;tag:h5|text_align:left&#8221; use_theme_fonts=&#8221;yes&#8221; css_animation=&#8221;fadeIn&#8221; css=&#8221;.vc_custom_1742285156313{margin-bottom: 10px !important;}&#8221; link=&#8221;url:tel%3A%28216%29%20368%2050%2010|&#8221;][vc_custom_heading text=&#8221;Fax: 0216 314 80 34&#8243; font_container=&#8221;tag:h5|text_align:left&#8221; use_theme_fonts=&#8221;yes&#8221; css_animation=&#8221;fadeIn&#8221; css=&#8221;.vc_custom_1585489540701{margin-bottom: 10px !important;}&#8221;][vc_custom_heading text=&#8221;E-mail: info@karmakodlama.com.tr&#8221; font_container=&#8221;tag:h5|text_align:left&#8221; use_theme_fonts=&#8221;yes&#8221; css_animation=&#8221;fadeIn&#8221; css=&#8221;.vc_custom_1742285200794{margin-bottom: 30px !important;}&#8221; link=&#8221;url:mailto%3Ainfo%40karmakodlama.com.tr|&#8221;][vc_custom_heading text=&#8221;Izmir Office&#8221; font_container=&#8221;tag:h4|text_align:left&#8221; use_theme_fonts=&#8221;yes&#8221; css_animation=&#8221;fadeIn&#8221; css=&#8221;&#8221;][vc_custom_heading text=&#8221;E\u011fitim Mh. Gazi Osman Pasha Sk. Park Apt No:9\/2<br \/>\nBal\u00e7ova\/\u0130ZM\u0130R&#8221; font_container=&#8221;tag:h6|text_align:left&#8221; use_theme_fonts=&#8221;yes&#8221; css_animation=&#8221;fadeIn&#8221; css=&#8221;&#8221;][vc_gmaps link=&#8221;#E-8_JTNDaWZyYW1lJTIwc3JjJTNEJTIyaHR0cHMlM0ElMkYlMkZ3d3cuZ29vZ2xlLmNvbSUyRm1hcHMlMkZlbWJlZCUzRnBiJTNEJTIxMW0xOCUyMTFtMTIlMjExbTMlMjExZDMwMTAuOTUwOTg4OTExNjIwMiUyMTJkMjkuMTUyNDE0ODc2NDUwMDA2JTIxM2Q0MS4wMDQ0NDU5MTk2NjAxNjQlMjEybTMlMjExZjAlMjEyZjAlMjEzZjAlMjEzbTIlMjExaTEwMjQlMjEyaTc2OCUyMTRmMTMuMSUyMTNtMyUyMTFtMiUyMTFzMHgxNGNhY2U1NGViMzA2MGEzJTI1M0EweDY0MzA5ZWMwMWM0N2FhMzclMjEyelMwRlNUVUVnUzA5RVRFRk5RU0F0SUVsT1MwcEZWQ0JMVDBSTVFVMUJJTU9IdzVaYXc1eE5URVZTeExBJTIxNWUwJTIxM20yJTIxMXN0ciUyMTJzdHIlMjE0djE3NDIyODQ1MjAyNjAlMjE1bTIlMjExc3RyJTIxMnN0ciUyMiUyMHdpZHRoJTNEJTIyNjAwJTIyJTIwaGVpZ2h0JTNEJTIyNjAwJTIyJTIwc3R5bGUlM0QlMjJib3JkZXIlM0EwJTNCJTIyJTIwYWxsb3dmdWxsc2NyZWVuJTNEJTIyJTIyJTIwbG9hZGluZyUzRCUyMmxhenklMjIlMjByZWZlcnJlcnBvbGljeSUzRCUyMm5vLXJlZmVycmVyLXdoZW4tZG93bmdyYWRlJTIyJTNFJTNDJTJGaWZyYW1lJTNF&#8221; css=&#8221;&#8221;][\/vc_column_inner][vc_column_inner width=&#8221;1\/2&#8243; offset=&#8221;vc_col-lg-6 vc_col-md-12&#8243; css=&#8221;.vc_custom_1742363446868{padding-top: 20px !important;padding-right: 50px !important;padding-bottom: 20px !important;padding-left: 50px !important;background-color: #FFFFFF !important;}&#8221;]<header class=\"kd-section-title col-lg-12 text-center     vc_custom_1742317159519\" ><h2 class=\"separator_off\" style=\"color: #322D53;font-size: 26px;line-height: 28px;\">Don&#039;t miss the opportunity of fast and free offer<br \/>\n&lt;b&gt; with 10% Discount&lt;\/b&gt; <\/h2><p class=\"subtitle \" style=\"color: #606060;font-size: 20px;\">Enter your details and our experts will contact you to identify the right solutions for your needs and, if you wish, to schedule a demo appointment.<\/p><\/header><style id=\"wpforms-css-vars-8296\">\n\t\t\t\t#wpforms-8296 {\n\t\t\t\t\n\t\t\t}\n\t\t\t<\/style><div class=\"wpforms-container wpforms-container-full wpforms-render-modern\" id=\"wpforms-8296\"><form id=\"wpforms-form-8296\" class=\"wpforms-validate wpforms-form wpforms-ajax-form\" data-formid=\"8296\" method=\"post\" enctype=\"multipart\/form-data\" action=\"\/en\/wp-json\/wp\/v2\/pages\/9603\" data-token=\"15f377fc0fe796d9efb337c851f84fef\" data-token-time=\"1776677827\"><noscript class=\"wpforms-error-noscript\">Please enable JavaScript in your browser to complete this form.<\/noscript><div id=\"wpforms-error-noscript\" style=\"display: none;\">Please enable JavaScript in your browser to complete this form.<\/div><div class=\"wpforms-field-container\"><div id=\"wpforms-8296-field_1-container\" class=\"wpforms-field wpforms-field-name\" data-field-id=\"1\"><label class=\"wpforms-field-label\" for=\"wpforms-8296-field_1\">Name Surname <span class=\"wpforms-required-label\" aria-hidden=\"true\">*<\/span><\/label><input type=\"text\" id=\"wpforms-8296-field_1\" class=\"wpforms-field-small wpforms-field-required\" name=\"wpforms[fields][1]\" aria-errormessage=\"wpforms-8296-field_1-error\" required><\/div>\t\t<div id=\"wpforms-8296-field_3-container\"\n\t\t\tclass=\"wpforms-field wpforms-field-text\"\n\t\t\tdata-field-type=\"text\"\n\t\t\tdata-field-id=\"3\"\n\t\t\t>\n\t\t\t<label class=\"wpforms-field-label\" for=\"wpforms-8296-field_3\" >Surname Telephone Name<\/label>\n\t\t\t<input type=\"text\" id=\"wpforms-8296-field_3\" class=\"wpforms-field-medium\" name=\"wpforms[fields][3]\" >\n\t\t<\/div>\n\t\t<div id=\"wpforms-8296-field_5-container\" class=\"wpforms-field wpforms-field-number\" data-field-id=\"5\"><label class=\"wpforms-field-label\" for=\"wpforms-8296-field_5\">Telephone <span class=\"wpforms-required-label\" aria-hidden=\"true\">*<\/span><\/label><input type=\"number\" id=\"wpforms-8296-field_5\" class=\"wpforms-field-small wpforms-field-required\" name=\"wpforms[fields][5]\" step=\"any\" aria-errormessage=\"wpforms-8296-field_5-error\" required><\/div><div id=\"wpforms-8296-field_2-container\" class=\"wpforms-field wpforms-field-email\" data-field-id=\"2\"><label class=\"wpforms-field-label\" for=\"wpforms-8296-field_2\">Email <span class=\"wpforms-required-label\" aria-hidden=\"true\">*<\/span><\/label><input type=\"email\" id=\"wpforms-8296-field_2\" class=\"wpforms-field-small wpforms-field-required\" name=\"wpforms[fields][2]\" spellcheck=\"false\" aria-errormessage=\"wpforms-8296-field_2-error\" required><\/div><div id=\"wpforms-8296-field_7-container\" class=\"wpforms-field wpforms-field-gdpr-checkbox wpforms-form wpforms-fieldwpforms-field-gdpr-checkbox wpforms-field-label display block font-weight 700 font-size 9px float none line-height 13 margin 4px padding\" data-field-id=\"7\"><label class=\"wpforms-field-label\">KVKK approval <span class=\"wpforms-required-label\" aria-hidden=\"true\">*<\/span><\/label><ul id=\"wpforms-8296-field_7\" class=\"wpforms-field-required\"><li class=\"choice-1\"><input type=\"checkbox\" id=\"wpforms-8296-field_7_1\" name=\"wpforms[fields][7][]\" value=\"I hereby give my explicit consent to the processing and storage of my personal data such as name, surname, telephone number and e-mail address by Karma Kodlama for information purposes. I have read and understood the &lt;a href=&quot;https:\/\/karmakodlama.com.tr\/en\/kvkk\/&quot; style=&quot;font-weight:bold&quot;&gt;Clarification Text&lt;\/a&gt; on the processing of my personal data. \" aria-errormessage=\"wpforms-8296-field_7_1-error\" required ><label class=\"wpforms-field-label-inline\" for=\"wpforms-8296-field_7_1\">I hereby give my explicit consent to the processing and storage of my personal data such as name, surname, telephone number and e-mail address by Karma Kodlama for information purposes. I have read and understood the <a href=\"https:\/\/karmakodlama.com.tr\/en\/kvkk\/\" style=\"font-weight:bold\">Clarification Text<\/a> on the processing of my personal data. <\/label><\/li><\/ul><\/div><script>\n\t\t\t\t( function() {\n\t\t\t\t\tconst style = document.createElement( 'style' );\n\t\t\t\t\tstyle.appendChild( document.createTextNode( '#wpforms-8296-field_3-container { position: absolute !important; overflow: hidden !important; display: inline !important; height: 1px !important; width: 1px !important; z-index: -1000 !important; padding: 0 !important; } #wpforms-8296-field_3-container input { visibility: hidden; } #wpforms-conversational-form-page #wpforms-8296-field_3-container label { counter-increment: none; }' ) );\n\t\t\t\t\tdocument.head.appendChild( style );\n\t\t\t\t\tdocument.currentScript?.remove();\n\t\t\t\t} )();\n\t\t\t<\/script><\/div><!-- .wpforms-field-container --><div class=\"wpforms-submit-container\" ><input type=\"hidden\" name=\"wpforms[id]\" value=\"8296\"><input type=\"hidden\" name=\"page_title\" value=\"\"><input type=\"hidden\" name=\"page_url\" value=\"https:\/\/karmakodlama.com.tr\/en\/wp-json\/wp\/v2\/pages\/9603\"><input type=\"hidden\" name=\"url_referer\" value=\"\"><button type=\"submit\" name=\"wpforms[submit]\" id=\"wpforms-submit-8296\" class=\"wpforms-submit\" data-alt-text=\"Sending...\" data-submit-text=\"Send\" aria-live=\"assertive\" value=\"wpforms-submit\">Send<\/button><img loading=\"lazy\" decoding=\"async\" src=\"https:\/\/karmakodlama.com.tr\/wp-content\/plugins\/wpforms\/assets\/images\/submit-spin.svg\" class=\"wpforms-submit-spinner\" style=\"display: none;\" width=\"26\" height=\"26\" alt=\"Loading\"><\/div><\/form><\/div>  <!-- .wpforms-container -->[\/vc_column_inner][\/vc_row_inner][\/vc_column][\/vc_row][vc_row full_width=&#8221;stretch_row&#8221; kd_image_overlay_color=&#8221;#FFFFFF75&#8243; kd_top_separator_style=&#8221;skew-left&#8221; kd_top_separator_height=&#8221;separator-height-medium&#8221; kd_fixed_background=&#8221;true&#8221; kd_image_overlay=&#8221;true&#8221; kd_top_separator=&#8221;true&#8221; css=&#8221;.vc_custom_1742363561017{padding-top: 240px !important;padding-bottom: 240px !important;background-image: url(https:\/\/karmakodlama.com.tr\/wp-content\/uploads\/2020\/03\/toplanti.jpg?id=7663) !important;}&#8221; kd_top_separator_bg=&#8221;#f5f5f5&#8243;][vc_column css=&#8221;.vc_custom_1742363506393{padding-top: 150px !important;padding-right: 0px !important;padding-bottom: 150px !important;padding-left: 0px !important;}&#8221;][\/vc_column][\/vc_row]<\/p>\n<\/div>","protected":false},"excerpt":{"rendered":"<p>[vc_row full_width=&#8221;stretch_row&#8221; css=&#8221;.vc_custom_1585152270252{background-color: #f5f5f5 !important;}&#8221;][vc_column offset=&#8221;vc_hidden-sm vc_hidden-xs&#8221;][vc_empty_space height=&#8221;100px&#8221;][\/vc_column][vc_column css=&#8221;.vc_custom_1515764206388{padding-right: 0px !important;padding-left: 0px !important;}&#8221;][vc_row_inner css=&#8221;.vc_custom_1742317489922{padding-top: 100px !important;padding-bottom: 100px !important;}&#8221;][vc_column_inner width=&#8221;1\/2&#8243; css=&#8221;.vc_custom_1742363401064{padding-top: [&hellip;]<\/p>\n","protected":false},"author":1,"featured_media":0,"parent":0,"menu_order":0,"comment_status":"closed","ping_status":"closed","template":"","meta":{"footnotes":""},"class_list":["post-9603","page","type-page","status-publish","hentry"],"_links":{"self":[{"href":"https:\/\/karmakodlama.com.tr\/en\/wp-json\/wp\/v2\/pages\/9603","targetHints":{"allow":["GET"]}}],"collection":[{"href":"https:\/\/karmakodlama.com.tr\/en\/wp-json\/wp\/v2\/pages"}],"about":[{"href":"https:\/\/karmakodlama.com.tr\/en\/wp-json\/wp\/v2\/types\/page"}],"author":[{"embeddable":true,"href":"https:\/\/karmakodlama.com.tr\/en\/wp-json\/wp\/v2\/users\/1"}],"replies":[{"embeddable":true,"href":"https:\/\/karmakodlama.com.tr\/en\/wp-json\/wp\/v2\/comments?post=9603"}],"version-history":[{"count":0,"href":"https:\/\/karmakodlama.com.tr\/en\/wp-json\/wp\/v2\/pages\/9603\/revisions"}],"wp:attachment":[{"href":"https:\/\/karmakodlama.com.tr\/en\/wp-json\/wp\/v2\/media?parent=9603"}],"curies":[{"name":"wp","href":"https:\/\/api.w.org\/{rel}","templated":true}]}}