{"id":9921,"date":"2022-06-12T06:31:21","date_gmt":"2022-06-12T03:31:21","guid":{"rendered":"https:\/\/karmakodlama.com.tr\/urunler-ve-fiyatlari\/m6-handheld-inkjet-coding-machine\/"},"modified":"2025-03-23T13:46:58","modified_gmt":"2025-03-23T10:46:58","slug":"m6-handheld-inkjet-coding-machine","status":"publish","type":"product","link":"https:\/\/karmakodlama.com.tr\/en\/urunler-ve-fiyatlari\/m6-handheld-inkjet-coding-machine\/","title":{"rendered":"M6 Handheld Inkjet Coding Machine"},"content":{"rendered":"<p><strong>\u00dcr\u00fcn \u00d6zellikleri:<\/strong><\/p>\n<ul>\n<li>Orijinal HP s\u00fcr\u00fcc\u00fc kart\u0131<\/li>\n<li>1 \u2013 12,7 mm bask\u0131 y\u00fcksekli\u011fi<\/li>\n<li>1 kg a\u011f\u0131rl\u0131k<\/li>\n<li>300-600 dpi \u00e7\u00f6z\u00fcn\u00fcrl\u00fck<\/li>\n<li>Barkod, karekod, datamatrix, logo, tarih\/saat, vardiya, saya\u00e7 vb.<\/li>\n<li>Usb 2.0, Mouse, klavye giri\u015fi<\/li>\n<li>5 inch 800&#215;480 renkli LCD dokunmatik ekran<\/li>\n<li>90V-240V\/50-60 Hz (\u00d6zel AC adapt\u00f6r)<\/li>\n<li>Bekleme s\u00fcresi 8 saat \/ Devaml\u0131 kullan\u0131m 4 saat<\/li>\n<li>Orijinal farkl\u0131 renklerde HP kartu\u015f (Beyaz, sar\u0131 , k\u0131rm\u0131z\u0131, mavi vb.)<\/li>\n<li>M\u00fcrekkep tiplerini ve bask\u0131 parametrelerini otomatik tan\u0131ma<\/li>\n<li>Farkl\u0131 dil se\u00e7enekleri ( T\u00fcrk\u00e7e, \u0130ngilizce, Arap\u00e7a, Rus\u00e7a vb)<\/li>\n<li>Tek kartu\u015fla ortalama 2 sat\u0131rda 300.000 bask\u0131<\/li>\n<\/ul>\n<div style=\"max-width: 600px;\">&nbsp;<\/p>\n<\/div>\n<style id=\"wpforms-css-vars-8972-block-53321f0b-1612-47c3-86ec-12b768ca1286\">#wpforms-8972.wpforms-block-53321f0b-1612-47c3-86ec-12b768ca1286 {\n\t\t\t\t--wpforms-label-color: #373D4A;\n--wpforms-label-sublabel-color: #606775;\n--wpforms-label-error-color: #D63637;\n--wpforms-page-break-color: #366CE3;\n--wpforms-field-border-style: none;\n--wpforms-field-border-size: 0px;\n--wpforms-field-border-radius: 6px;\n--wpforms-field-background-color: rgba(255, 255, 255, 0.75);\n--wpforms-field-text-color: #606775;\n--wpforms-field-menu-color: #d9e5f4;\n--wpforms-container-padding: 60px;\n--wpforms-container-border-width: 0px;\n--wpforms-container-border-color: rgba( 0, 0, 0, 0.25 );\n--wpforms-container-border-radius: 0px;\n--wpforms-button-border-size: 0px;\n--wpforms-button-border-radius: 6px;\n--wpforms-button-background-color: #366CE3;\n--wpforms-button-border-color: rgba( 0, 0, 0, 0.25 );\n--wpforms-background-image: stock;\n--wpforms-background-color: #d9e5f4;\n--wpforms-background-url: url( https:\/\/karmakodlama.com.tr\/wp-content\/uploads\/wpforms\/themes\/stock-photos\/artiom-vallat-ZYhQXXGxvtQ-unsplash.jpg );\n--wpforms-field-size-input-height: 43px;\n--wpforms-field-size-input-spacing: 15px;\n--wpforms-field-size-font-size: 16px;\n--wpforms-field-size-line-height: 19px;\n--wpforms-field-size-padding-h: 14px;\n--wpforms-field-size-checkbox-size: 16px;\n--wpforms-field-size-sublabel-spacing: 5px;\n--wpforms-field-size-icon-size: 1;\n--wpforms-label-size-font-size: 16px;\n--wpforms-label-size-line-height: 19px;\n--wpforms-label-size-sublabel-font-size: 14px;\n--wpforms-label-size-sublabel-line-height: 17px;\n--wpforms-button-size-font-size: 17px;\n--wpforms-button-size-height: 41px;\n--wpforms-button-size-padding-h: 15px;\n--wpforms-button-size-margin-top: 10px;\n--wpforms-container-shadow-size-box-shadow: 0px 30px 50px -10px rgba(0, 0, 0, 0.15);<\/p>\n<p>\t\t\t}\n\t\t\t<\/style>\n<div class=\"wpforms-container wpforms-container-full wpforms-block wpforms-block-53321f0b-1612-47c3-86ec-12b768ca1286 wpforms-render-modern\" id=\"wpforms-8972\">\n<form id=\"wpforms-form-8972\" class=\"wpforms-validate wpforms-form wpforms-ajax-form\" data-formid=\"8972\" method=\"post\" enctype=\"multipart\/form-data\" action=\"\/robotik-kodlama-nedir\/\" data-token=\"4273c654fab1e886af98c63e42284b16\" data-token-time=\"1742626092\" novalidate=\"novalidate\"><noscript class=\"wpforms-error-noscript\">Bu formu bitirebilmek i\u00e7in taray\u0131c\u0131n\u0131zda JavaScript&#039;i etkinle\u015ftirin.<\/noscript><\/p>\n<div class=\"wpforms-hidden\" id=\"wpforms-error-noscript\">Bu formu bitirebilmek i\u00e7in taray\u0131c\u0131n\u0131zda JavaScript&#8217;i etkinle\u015ftirin.<\/div>\n<div class=\"wpforms-field-container\">\n<div id=\"wpforms-8972-field_7-container\" class=\"wpforms-field wpforms-field-content\" data-field-id=\"7\">\n<div id=\"wpforms-8972-field_7\" class=\"wpforms-field-large wpforms-field-row\" aria-errormessage=\"wpforms-8972-field_7-error\">\n<h3 class=\"separator_off\"><strong>%10 \u0130ndirimli<\/strong> h\u0131zl\u0131 ve \u00fccretsiz teklif f\u0131rsat\u0131n\u0131 ka\u00e7\u0131rmay\u0131n<\/h3>\n<p>Bilgilerinizi girin, uzmanlar\u0131m\u0131z ihtiyac\u0131n\u0131za uygun \u00e7\u00f6z\u00fcmleri belirlemek ve dilerseniz demo randevusu olu\u015fturmak sizinle ileti\u015fime ge\u00e7sin.<\/p>\n<h3><a href=\"tel:2163685010\">(216) 368 50 10<\/a><\/h3>\n<h5><a href=\"mailto:info@karmakodlama.com.tr\">info@karmakodlama.com.tr<\/a><\/h5>\n<div class=\"wpforms-field-content-display-frontend-clear\"><\/div>\n<\/div>\n<\/div>\n<div id=\"wpforms-8972-field_4-container\" class=\"wpforms-field wpforms-field-text\" data-field-type=\"text\" data-field-id=\"4\" style=\"position: absolute !important; overflow: hidden !important; display: inline !important; height: 1px !important; width: 1px !important; z-index: -1000 !important; padding: 0 !important;\"><label class=\"wpforms-field-label\" for=\"wpforms-8972-field_4\" aria-hidden=\"true\" style=\"counter-increment: none;\"><\/label><input type=\"text\" id=\"wpforms-8972-field_4\" class=\"wpforms-field-medium\" name=\"wpforms[fields][4]\" aria-hidden=\"true\" style=\"visibility: hidden;\" tabindex=\"-1\"><\/div>\n<div id=\"wpforms-8972-field_1-container\" class=\"wpforms-field wpforms-field-name\" data-field-id=\"1\"><label class=\"wpforms-field-label\" for=\"wpforms-8972-field_1\">Ad Soyad <span class=\"wpforms-required-label\" aria-hidden=\"true\">*<\/span><\/label><input type=\"text\" id=\"wpforms-8972-field_1\" class=\"wpforms-field-medium wpforms-field-required\" name=\"wpforms[fields][1]\" aria-errormessage=\"wpforms-8972-field_1-error\" required=\"\"><\/div>\n<div id=\"wpforms-8972-field_3-container\" class=\"wpforms-field wpforms-field-text\" data-field-type=\"text\" data-field-id=\"3\"><label class=\"wpforms-field-label\" for=\"wpforms-8972-field_3\" aria-hidden=\"true\">* * *<\/label><input type=\"text\" id=\"wpforms-8972-field_3\" class=\"wpforms-field-medium\" name=\"wpforms[fields][3]\" tabindex=\"-1\" aria-hidden=\"true\"><\/div>\n<div id=\"wpforms-8972-field_5-container\" class=\"wpforms-field wpforms-field-number\" data-field-id=\"5\"><label class=\"wpforms-field-label\" for=\"wpforms-8972-field_5\">Telefon <span class=\"wpforms-required-label\" aria-hidden=\"true\">*<\/span><\/label><input type=\"number\" id=\"wpforms-8972-field_5\" class=\"wpforms-field-medium wpforms-field-required\" name=\"wpforms[fields][5]\" step=\"any\" aria-errormessage=\"wpforms-8972-field_5-error\" required=\"\"><\/div>\n<div id=\"wpforms-8972-field_2-container\" class=\"wpforms-field wpforms-field-email\" data-field-id=\"2\"><label class=\"wpforms-field-label\" for=\"wpforms-8972-field_2\">E-posta <span class=\"wpforms-required-label\" aria-hidden=\"true\">*<\/span><\/label><input type=\"email\" id=\"wpforms-8972-field_2\" class=\"wpforms-field-medium wpforms-field-required\" name=\"wpforms[fields][2]\" spellcheck=\"false\" aria-errormessage=\"wpforms-8972-field_2-error\" required=\"\"><\/div>\n<div id=\"wpforms-8972-field_8-container\" class=\"wpforms-field wpforms-field-gdpr-checkbox\" data-field-id=\"8\"><label class=\"wpforms-field-label\">KVKK onay <span class=\"wpforms-required-label\" aria-hidden=\"true\">*<\/span><\/label><\/p>\n<ul id=\"wpforms-8972-field_8\" class=\"wpforms-field-required\">\n<li class=\"choice-1\"><input type=\"checkbox\" id=\"wpforms-8972-field_8_1\" name=\"wpforms[fields][8][]\" value=\"\u0130\u015fbu form arac\u0131l\u0131\u011f\u0131yla taraf\u0131ma ait ad, soyad, telefon numaras\u0131 ve e-posta adresi gibi ki\u015fisel verilerimin, Karma Kodlama taraf\u0131ndan bilgilendirme amac\u0131yla i\u015flenmesine ve saklanmas\u0131na a\u00e7\u0131k r\u0131za g\u00f6steriyorum. Ki\u015fisel verilerimin i\u015flenmesine dair &lt;a href=&quot;https:\/\/karmakodlama.com.tr\/kvkk\/&quot;&gt;Ayd\u0131nlatma Metni&lt;\/a&gt; \u2019ni okudum ve anlad\u0131m.\" aria-errormessage=\"wpforms-8972-field_8_1-error\" required=\"\"><label class=\"wpforms-field-label-inline\" for=\"wpforms-8972-field_8_1\">\u0130\u015fbu form arac\u0131l\u0131\u011f\u0131yla taraf\u0131ma ait ad, soyad, telefon numaras\u0131 ve e-posta adresi gibi ki\u015fisel verilerimin, Karma Kodlama taraf\u0131ndan bilgilendirme amac\u0131yla i\u015flenmesine ve saklanmas\u0131na a\u00e7\u0131k r\u0131za g\u00f6steriyorum. Ki\u015fisel verilerimin i\u015flenmesine dair <a href=\"https:\/\/karmakodlama.com.tr\/en\/kvkk\/\">Ayd\u0131nlatma Metni<\/a> \u2019ni okudum ve anlad\u0131m.<\/label><\/li>\n<\/ul>\n<\/div>\n<\/div>\n<p><!-- .wpforms-field-container --><\/p>\n<div class=\"wpforms-submit-container\"><input type=\"hidden\" name=\"wpforms[id]\" value=\"8972\">\t\t\t<input type=\"hidden\" name=\"wpforms[nonce]\" value=\"3c92159fba\"><input type=\"hidden\" name=\"page_title\" value=\"Robotik Kodlama Nedir?\"><input type=\"hidden\" name=\"page_url\" value=\"https:\/\/karmakodlama.com.tr\/robotik-kodlama-nedir\/\"><input type=\"hidden\" name=\"url_referer\" value=\"https:\/\/karmakodlama.com.tr\/blog\/\"><input type=\"hidden\" name=\"page_id\" value=\"9143\"><input type=\"hidden\" name=\"wpforms[post_id]\" value=\"9143\"><button type=\"submit\" name=\"wpforms[submit]\" id=\"wpforms-submit-8972\" class=\"wpforms-submit\" data-alt-text=\"G\u00f6nderiliyor...\" data-submit-text=\"G\u00f6nder\" aria-live=\"assertive\" value=\"wpforms-submit\">G\u00f6nder<\/button><img loading=\"lazy\" decoding=\"async\" src=\"https:\/\/karmakodlama.com.tr\/wp-content\/plugins\/wpforms\/assets\/images\/submit-spin.svg\" class=\"wpforms-submit-spinner\" style=\"display: none;\" width=\"26\" height=\"26\" alt=\"Y\u00fckleniyor\"><\/div>\n<\/form>\n<\/div>\n","protected":false},"excerpt":{"rendered":"<h2>M6 Handheld Coding<\/h2>\n<ul>\n<li>Instant printing anytime anywhere<\/li>\n<li>No maintenance &#8211; No solvents<\/li>\n<li>Automatic Date &#8211; Time<\/li>\n<li>Barcode &#8211; Qr Code &#8211; Datamatrix<\/li>\n<li>Ability to use external photocell<\/li>\n<li>Installation on conveyor belt<\/li>\n<\/ul>\n<h3><a href=\"https:\/\/karmakodlama.com.tr\/wp-content\/uploads\/2023\/03\/HANDHELD-M6_El-Tipi-Inkjet-Kodlama.pdf\">Download Product Brochure<\/a><\/h3>\n<p>&nbsp;<\/p>\n","protected":false},"featured_media":9385,"template":"","meta":[],"product_brand":[],"product_cat":[1631,1620],"product_tag":[],"class_list":{"0":"post-9921","1":"product","2":"type-product","3":"status-publish","4":"has-post-thumbnail","6":"product_cat-handheld-inkjet-coding-machines","7":"product_cat-inkjet-coding-machines","9":"first","10":"onbackorder","11":"virtual","12":"product-type-simple"},"_links":{"self":[{"href":"https:\/\/karmakodlama.com.tr\/en\/wp-json\/wp\/v2\/product\/9921","targetHints":{"allow":["GET"]}}],"collection":[{"href":"https:\/\/karmakodlama.com.tr\/en\/wp-json\/wp\/v2\/product"}],"about":[{"href":"https:\/\/karmakodlama.com.tr\/en\/wp-json\/wp\/v2\/types\/product"}],"wp:featuredmedia":[{"embeddable":true,"href":"https:\/\/karmakodlama.com.tr\/en\/wp-json\/wp\/v2\/media\/9385"}],"wp:attachment":[{"href":"https:\/\/karmakodlama.com.tr\/en\/wp-json\/wp\/v2\/media?parent=9921"}],"wp:term":[{"taxonomy":"product_brand","embeddable":true,"href":"https:\/\/karmakodlama.com.tr\/en\/wp-json\/wp\/v2\/product_brand?post=9921"},{"taxonomy":"product_cat","embeddable":true,"href":"https:\/\/karmakodlama.com.tr\/en\/wp-json\/wp\/v2\/product_cat?post=9921"},{"taxonomy":"product_tag","embeddable":true,"href":"https:\/\/karmakodlama.com.tr\/en\/wp-json\/wp\/v2\/product_tag?post=9921"}],"curies":[{"name":"wp","href":"https:\/\/api.w.org\/{rel}","templated":true}]}}