{"id":9922,"date":"2020-03-25T14:50:50","date_gmt":"2020-03-25T11:50:50","guid":{"rendered":"https:\/\/karmakodlama.com.tr\/urunler-ve-fiyatlari\/drug-and-plant-protection-products-tracking-system\/"},"modified":"2026-03-05T16:15:16","modified_gmt":"2026-03-05T13:15:16","slug":"drug-and-plant-protection-products-tracking-system","status":"publish","type":"product","link":"https:\/\/karmakodlama.com.tr\/en\/urunler-ve-fiyatlari\/drug-and-plant-protection-products-tracking-system\/","title":{"rendered":"Drug and Plant Protection Products Tracking System"},"content":{"rendered":"<h2>Labeling and Coding Unit for Products Packaged in Bottles and Boxes<\/h2>\n<p>Itts and Bk\u00fcts is our in-line solution where filling and coding operations can be easily performed on the line. 360 degree square code reading system, kiosk, label printer, labeling station, coding station and ministry notification software are presented as a solution in a single unit. In your factory, you can avoid large and comprehensive investment costs thanks to our solution where you can perform the notification of the products you fill and code manually or on different lines on a single unit. Space constraints within the production facility are also a major challenge. Operations such as line organization, relocation of conveyors that need to be done for BK\u00dcTS automation are almost impossible for many production lines    <\/p>\n<p>TGSbk\u00fcts is the easy and convenient ministry notification system you have been looking for. Its very small footprint design is such that it can fit into any available space for ministry notification in almost all your production lines. In addition, as the second phase within the scope of the Plant Protection Products QR Code Tracking System, plant protection machines will be tracked with a QR code system. In this context, access to product information, product tracking, machine inspection, control and reports will be provided. The system can be developed in line with your different needs.    <\/p>\n<style id=\"wpforms-css-vars-8972-block-53321f0b-1612-47c3-86ec-12b768ca1286\">\n  #wpforms-8972.wpforms-block-53321f0b-1612-47c3-86ec-12b768ca1286 {<br \/>  --wpforms-label-color: #373D4A;<br \/>--wpforms-label-sublabel-color: #606775;<br \/>--wpforms-label-error-color: #D63637;<br \/>--wpforms-page-break-color: #366CE3;<br \/>--wpforms-field-border-style: none;<br \/>--wpforms-field-border-size: 0px;<br \/>--wpforms-field-border-radius: 6px;<br \/>--wpforms-field-background-color: rgba(255, 255, 255, 255, 0.75);<br \/>--wpforms-field-text-color: #606775;<br \/>--wpforms-field-menu-color: #d9e5f4;<br \/>--wpforms-container-padding: 60px;<br \/>--wpforms-container-border-width: 0px;<br \/>--wpforms-container-border-color: rgba( 0, 0, 0, 0.25 );<br \/>--wpforms-container-border-radius: 0px;<br \/>--wpforms-button-border-size: 0px;<br \/>--wpforms-button-border-radius: 6px;<br \/>--wpforms-button-background-color: #366CE3;<br \/>--wpforms-button-border-color: rgba( 0, 0, 0, 0.25 );<br \/>--wpforms-background-image: stock;<br \/>--wpforms-background-color: #d9e5f4;<br \/>--wpforms-background-url: url( https:\/\/karmakodlama.com.tr\/wp-content\/uploads\/wpforms\/themes\/stock-photos\/artiom-vallat-ZYhQXXGxvtQ-unsplash.jpg );<br \/>--wpforms-field-size-input-height: 43px;<br \/>--wpforms-field-size-input-spacing: 15px;<br \/>--wpforms-field-size-font-size: 16px;<br \/>--wpforms-field-size-line-height: 19px;<br \/>--wpforms-field-size-padding-h: 14px;<br \/>--wpforms-field-size-checkbox-size: 16px;<br \/>--wpforms-field-size-sublabel-spacing: 5px;<br \/>--wpforms-field-size-icon-size: 1;<br \/>--wpforms-label-size-font-size: 16px;<br \/>--wpforms-label-size-line-height: 19px;<br \/>--wpforms-label-size-sublabel-font-size: 14px;<br \/>--wpforms-label-size-sublabel-line-height: 17px;<br \/>--wpforms-button-size-font-size: 17px;<br \/>--wpforms-button-size-height: 41px;<br \/>--wpforms-button-size-padding-h: 15px;<br \/>--wpforms-button-size-margin-top: 10px;<br \/>--wpforms-container-shadow-size-box-shadow: 0px 30px 50px -10px rgba(0, 0, 0, 0.15);<\/p>\n<p>  }<br \/>\t\t\t<\/style>\n<div id=\"wpforms-8972\" class=\"wpforms-container wpforms-container-full wpforms-block wpforms-block-53321f0b-1612-47c3-86ec-12b768ca1286 wpforms-render-modern\">\n<form id=\"wpforms-form-8972\" class=\"wpforms-validate wpforms-form wpforms-ajax-form\" action=\"\/robotik-kodlama-nedir\/\" enctype=\"multipart\/form-data\" method=\"post\" novalidate=\"novalidate\" data-formid=\"8972\" data-token=\"4273c654fab1e886af98c63e42284b16\" data-token-time=\"1742626092\"><noscript class=\"wpforms-error-noscript\">Enable JavaScript in your browser to be able to complete this form.<\/noscript><\/p>\n<div id=\"wpforms-error-noscript\" class=\"wpforms-hidden\">Enable JavaScript in your browser to be able to complete this form.<\/div>\n<div class=\"wpforms-field-container\">\n<div id=\"wpforms-8972-field_7-container\" class=\"wpforms-field wpforms-field-content\" data-field-id=\"7\">\n<div id=\"wpforms-8972-field_7\" class=\"wpforms-field-large wpforms-field-row\" aria-errormessage=\"wpforms-8972-field_7-error\">\n<h3 class=\"separator_off\">Don&#8217;t miss the fast and free offer <strong> with 10% discount<\/strong> <\/h3>\n<p>Enter your details and our experts will contact you to identify the right solutions for your needs and, if you wish, to schedule a demo appointment.<\/p>\n<h3><a href=\"tel:2163685010\">(216) 368 50 10<\/a><\/h3>\n<h5><a href=\"mailto:info@karmakodlama.com.tr\">info@karmakodlama.com.tr<\/a><\/h5>\n<div class=\"wpforms-field-content-display-frontend-clear\"><\/div>\n<\/div>\n<\/div>\n<div id=\"wpforms-8972-field_4-container\" class=\"wpforms-field wpforms-field-text\" style=\"position: absolute !important; overflow: hidden !important; display: inline !important; height: 1px !important; width: 1px !important; z-index: -1000 !important; padding: 0 !important;\" data-field-type=\"text\" data-field-id=\"4\"><label class=\"wpforms-field-label\" style=\"counter-increment: none;\" for=\"wpforms-8972-field_4\" aria-hidden=\"true\"><\/label><br \/>\n<input id=\"wpforms-8972-field_4\" class=\"wpforms-field-medium\" style=\"visibility: hidden;\" tabindex=\"-1\" name=\"wpforms[fields][4]\" type=\"text\" aria-hidden=\"true\"><\/div>\n<div id=\"wpforms-8972-field_1-container\" class=\"wpforms-field wpforms-field-name\" data-field-id=\"1\"><label class=\"wpforms-field-label\" for=\"wpforms-8972-field_1\">Name Surname <span class=\"wpforms-required-label\" aria-hidden=\"true\">*<\/span><\/label><input id=\"wpforms-8972-field_1\" class=\"wpforms-field-medium wpforms-field-required\" name=\"wpforms[fields][1]\" required=\"\" type=\"text\" aria-errormessage=\"wpforms-8972-field_1-error\"><\/div>\n<div id=\"wpforms-8972-field_5-container\" class=\"wpforms-field wpforms-field-number\" data-field-id=\"5\"><label class=\"wpforms-field-label\" for=\"wpforms-8972-field_5\">Telephone <span class=\"wpforms-required-label\" aria-hidden=\"true\">*<\/span><\/label><input id=\"wpforms-8972-field_5\" class=\"wpforms-field-medium wpforms-field-required\" name=\"wpforms[fields][5]\" required=\"\" step=\"any\" type=\"number\" aria-errormessage=\"wpforms-8972-field_5-error\"><\/div>\n<div id=\"wpforms-8972-field_2-container\" class=\"wpforms-field wpforms-field-email\" data-field-id=\"2\"><label class=\"wpforms-field-label\" for=\"wpforms-8972-field_2\">Email <span class=\"wpforms-required-label\" aria-hidden=\"true\">*<\/span><\/label><input id=\"wpforms-8972-field_2\" class=\"wpforms-field-medium wpforms-field-required\" spellcheck=\"false\" name=\"wpforms[fields][2]\" required=\"\" type=\"email\" aria-errormessage=\"wpforms-8972-field_2-error\"><\/div>\n<div id=\"wpforms-8972-field_8-container\" class=\"wpforms-field wpforms-field-gdpr-checkbox\" data-field-id=\"8\">\n<p><label class=\"wpforms-field-label\">KVKK consent <span class=\"wpforms-required-label\" aria-hidden=\"true\">*<\/span><\/label><\/p>\n<ul id=\"wpforms-8972-field_8\" class=\"wpforms-field-required\">\n<li class=\"choice-1\"><input id=\"wpforms-8972-field_8_1\" name=\"wpforms[fields][8][]\" required=\"\" type=\"checkbox\" value=\"\u0130\u015fbu form arac\u0131l\u0131\u011f\u0131yla taraf\u0131ma ait ad, soyad, telefon numaras\u0131 ve e-posta adresi gibi ki\u015fisel verilerimin, Karma Kodlama taraf\u0131ndan bilgilendirme amac\u0131yla i\u015flenmesine ve saklanmas\u0131na a\u00e7\u0131k r\u0131za g\u00f6steriyorum. Ki\u015fisel verilerimin i\u015flenmesine dair &lt;a href=\"https:\/\/karmakodlama.com.tr\/kvkk\/\"&gt;Ayd\u0131nlatma Metni&lt;\/a&gt; \u2019ni okudum ve anlad\u0131m.\" aria-errormessage=\"wpforms-8972-field_8_1-error\"><label class=\"wpforms-field-label-inline\" for=\"wpforms-8972-field_8_1\">I hereby give my explicit consent to the processing and storage of my personal data such as name, surname, telephone number and e-mail address by Karma Kodlama for information purposes. I have read and understood the <a href=\"https:\/\/karmakodlama.com.tr\/en\/kvkk\/\">Clarification Text<\/a> on the processing of my personal data. <\/label><\/li>\n<\/ul>\n<\/div>\n<\/div>\n<p><!-- .wpforms-field-container --><\/p>\n<div class=\"wpforms-submit-container\"><input name=\"wpforms[id]\" type=\"hidden\" value=\"8972\"> <input name=\"wpforms[nonce]\" type=\"hidden\" value=\"3c92159fba\"><br \/>\n<input name=\"page_title\" type=\"hidden\" value=\"Robotik Kodlama Nedir?\"><input name=\"page_url\" type=\"hidden\" value=\"https:\/\/karmakodlama.com.tr\/robotik-kodlama-nedir\/\"><input name=\"url_referer\" type=\"hidden\" value=\"https:\/\/karmakodlama.com.tr\/blog\/\"><input name=\"page_id\" type=\"hidden\" value=\"9143\"><input name=\"wpforms[post_id]\" type=\"hidden\" value=\"9143\"><button id=\"wpforms-submit-8972\" class=\"wpforms-submit\" name=\"wpforms[submit]\" type=\"submit\" value=\"wpforms-submit\" data-alt-text=\"G\u00f6nderiliyor...\" data-submit-text=\"G\u00f6nder\" aria-live=\"assertive\">Send<\/button><img loading=\"lazy\" decoding=\"async\" class=\"wpforms-submit-spinner\" style=\"display: none;\" src=\"https:\/\/karmakodlama.com.tr\/wp-content\/plugins\/wpforms\/assets\/images\/submit-spin.svg\" alt=\"Loading\" width=\"26\" height=\"26\"><\/div>\n<\/form>\n<\/div>\n","protected":false},"excerpt":{"rendered":"<p>Labeling and Coding Unit for Products Packaged in Bottles and Boxes Itts and Bk\u00fcts is our in-line solution where filling [&hellip;]<\/p>\n","protected":false},"featured_media":9309,"template":"","meta":[],"product_brand":[],"product_cat":[1632],"product_tag":[],"class_list":{"0":"post-9922","1":"product","2":"type-product","3":"status-publish","4":"has-post-thumbnail","6":"product_cat-product-tracking-and-software","8":"first","9":"instock","10":"virtual","11":"sold-individually","12":"product-type-simple"},"_links":{"self":[{"href":"https:\/\/karmakodlama.com.tr\/en\/wp-json\/wp\/v2\/product\/9922","targetHints":{"allow":["GET"]}}],"collection":[{"href":"https:\/\/karmakodlama.com.tr\/en\/wp-json\/wp\/v2\/product"}],"about":[{"href":"https:\/\/karmakodlama.com.tr\/en\/wp-json\/wp\/v2\/types\/product"}],"wp:featuredmedia":[{"embeddable":true,"href":"https:\/\/karmakodlama.com.tr\/en\/wp-json\/wp\/v2\/media\/9309"}],"wp:attachment":[{"href":"https:\/\/karmakodlama.com.tr\/en\/wp-json\/wp\/v2\/media?parent=9922"}],"wp:term":[{"taxonomy":"product_brand","embeddable":true,"href":"https:\/\/karmakodlama.com.tr\/en\/wp-json\/wp\/v2\/product_brand?post=9922"},{"taxonomy":"product_cat","embeddable":true,"href":"https:\/\/karmakodlama.com.tr\/en\/wp-json\/wp\/v2\/product_cat?post=9922"},{"taxonomy":"product_tag","embeddable":true,"href":"https:\/\/karmakodlama.com.tr\/en\/wp-json\/wp\/v2\/product_tag?post=9922"}],"curies":[{"name":"wp","href":"https:\/\/api.w.org\/{rel}","templated":true}]}}